{"id":6318,"date":"2024-02-20T15:01:01","date_gmt":"2024-02-20T14:01:01","guid":{"rendered":"https:\/\/de.mer.eco\/charging-infrastructure-solutions\/ladesaeulen-e-auto\/"},"modified":"2024-09-12T08:03:06","modified_gmt":"2024-09-12T06:03:06","slug":"charging-station-electric-car","status":"publish","type":"page","link":"https:\/\/de.mer.eco\/en\/charging-infrastructure-solutions\/charging-station-electric-car\/","title":{"rendered":"Fast charging stations"},"content":{"rendered":"<h3><strong>hypercharger von alpitronic<\/strong><\/h3>\n<p>Als einer der wenigen Distributoren von alpitronics hypercharger, haben wir Zugriff auf die zuverl\u00e4ssigsten Schnelllader am Markt. Alpitronics hypercharger zeichnet sich durch Kompaktheit, zukunftssichere Leistungen von bis zu 400 kW, dynamisches Lastmanagement in 50 kW Schritten und nat\u00fcrlich Eichrechtskonformit\u00e4t aus. Die hypercharger von alpitronic sind dar\u00fcber hinaus Vehicle to Grid \u2013 f\u00e4hig und erm\u00f6glichen das gleichzeitige Laden mehrerer Fahrzeuge. Optional k\u00f6nnen Sie von Mer ein Kabelmanagement-System und ein kontaktloses Bezahlterminal erwerben, um den hypercharger von alpitronic noch kundenfreundlicher zu gestalten.<\/p>\n","protected":false},"excerpt":{"rendered":"<p>hypercharger von alpitronic Als einer der wenigen Distributoren von alpitronics hypercharger, haben wir Zugriff auf die zuverl\u00e4ssigsten Schnelllader am Markt. Alpitronics hypercharger zeichnet sich durch Kompaktheit, zukunftssichere Leistungen von bis zu 400 kW, dynamisches Lastmanagement in 50 kW Schritten und nat\u00fcrlich Eichrechtskonformit\u00e4t aus. Die hypercharger von alpitronic sind dar\u00fcber hinaus Vehicle to Grid \u2013 f\u00e4hig [&hellip;]<\/p>\n","protected":false},"author":18,"featured_media":0,"parent":2921,"menu_order":0,"comment_status":"closed","ping_status":"closed","template":"tpl-start-hero.php","meta":{"_acf_changed":false,"footnotes":""},"class_list":["post-6318","page","type-page","status-publish","hentry"],"acf":[],"_links":{"self":[{"href":"https:\/\/de.mer.eco\/en\/wp-json\/wp\/v2\/pages\/6318","targetHints":{"allow":["GET"]}}],"collection":[{"href":"https:\/\/de.mer.eco\/en\/wp-json\/wp\/v2\/pages"}],"about":[{"href":"https:\/\/de.mer.eco\/en\/wp-json\/wp\/v2\/types\/page"}],"author":[{"embeddable":true,"href":"https:\/\/de.mer.eco\/en\/wp-json\/wp\/v2\/users\/18"}],"replies":[{"embeddable":true,"href":"https:\/\/de.mer.eco\/en\/wp-json\/wp\/v2\/comments?post=6318"}],"version-history":[{"count":5,"href":"https:\/\/de.mer.eco\/en\/wp-json\/wp\/v2\/pages\/6318\/revisions"}],"predecessor-version":[{"id":6462,"href":"https:\/\/de.mer.eco\/en\/wp-json\/wp\/v2\/pages\/6318\/revisions\/6462"}],"up":[{"embeddable":true,"href":"https:\/\/de.mer.eco\/en\/wp-json\/wp\/v2\/pages\/2921"}],"wp:attachment":[{"href":"https:\/\/de.mer.eco\/en\/wp-json\/wp\/v2\/media?parent=6318"}],"curies":[{"name":"wp","href":"https:\/\/api.w.org\/{rel}","templated":true}]}}